{"id":3,"date":"2024-09-24T16:26:56","date_gmt":"2024-09-24T14:26:56","guid":{"rendered":"https:\/\/centre-medical-torcy.fr\/?page_id=3"},"modified":"2024-09-29T10:34:25","modified_gmt":"2024-09-29T08:34:25","slug":"politique-de-confidentialite","status":"publish","type":"page","link":"https:\/\/centre-medical-torcy.fr\/?page_id=3","title":{"rendered":"Legal"},"content":{"rendered":"<p><\/p>\n<h2 class=\"wp-block-heading\">Qui sommes-nous&nbsp;?<\/h2>\n<p>L\u2019adresse de notre site est&nbsp;: https:\/\/centre-medical-torcy.fr.<\/p>\n<p><br><\/p>\n<p>Mentions l\u00e9gales<br>\u00c9diteur : association medicale de Torcy<\/p>\n<p>Le pr\u00e9sent site est la propri\u00e9t\u00e9 de l&rsquo;association medicale de torcy , en la personne de Mr Benjamin Marciano.<br>Le num\u00e9ro d\u2019identification siren 925 379 737<\/p>\n<p>Directeur de la publication : Benjmin Marciano<\/p>\n<p>Cr\u00e9ation : Made By Gideon<br>Responsable du site : Made By Gideon<\/p>\n<p>Contact :<br>centremedicaltorcy@gmail.com<\/p>\n<p>H\u00e9bergement :<\/p>\n<p>Hostinger<br>hostinger.fr &#8211; H\u00e9bergement Web<\/p>\n<p>Propri\u00e9t\u00e9 intellectuelle :<\/p>\n<p>Ce site Internet, sa structure g\u00e9n\u00e9rale, ainsi que les textes, images anim\u00e9es ou non et tout autre \u00e9l\u00e9ment composant le site sont la propri\u00e9t\u00e9 exclusive de l&rsquo;AssociationMedicale de Torcy<\/p>\n<p>Toute reproduction ou repr\u00e9sentation totale ou partielle de ce site, par quelque proc\u00e9d\u00e9 que ce soit, sans l\u2019autorisation expresse de l&rsquo;Association Medicale de Torcy est interdite.<\/p>\n<p>A d\u00e9faut d\u2019autorisation expresse, l&rsquo;Association Medicale de Torcy se r\u00e9serve la possibilit\u00e9 de poursuivre tout acte de contrefa\u00e7on de ses droits de propri\u00e9t\u00e9 intellectuelle.<\/p>\n<p><\/p>\n<p>Droit applicable \u2013 comp\u00e9tence :<br>Le site et son contenu sont r\u00e9gis par le droit fran\u00e7ais et tout litige \u00e9ventuel s\u2019y rapportant sera soumis \u00e0 la comp\u00e9tence des tribunaux fran\u00e7ais.<\/p>\n<p><\/p>","protected":false},"excerpt":{"rendered":"<p>Qui sommes-nous&nbsp;? L\u2019adresse de notre site est&nbsp;: https:\/\/centre-medical-torcy.fr. Mentions l\u00e9gales\u00c9diteur : association medicale de Torcy Le pr\u00e9sent site est la propri\u00e9t\u00e9 de l&rsquo;association medicale de torcy , en la personne de Mr Benjamin Marciano.Le num\u00e9ro d\u2019identification siren 925 379 737 Directeur de la publication : Benjmin Marciano Cr\u00e9ation : Made By GideonResponsable du site :&hellip; <br \/> <a class=\"button small blue\" href=\"https:\/\/centre-medical-torcy.fr\/?page_id=3\">Lire la suite<\/a><\/p>\n","protected":false},"author":1,"featured_media":0,"parent":0,"menu_order":0,"comment_status":"closed","ping_status":"open","template":"","meta":{"footnotes":""},"class_list":["post-3","page","type-page","status-publish","hentry"],"yoast_head":"<!-- This site is optimized with the Yoast SEO plugin v23.6 - https:\/\/yoast.com\/wordpress\/plugins\/seo\/ -->\n<title>Legal - Centre M\u00e9dical de Torcy<\/title>\n<meta name=\"robots\" content=\"index, follow, max-snippet:-1, max-image-preview:large, max-video-preview:-1\" \/>\n<link rel=\"canonical\" href=\"https:\/\/centre-medical-torcy.fr\/?page_id=3\" \/>\n<meta property=\"og:locale\" content=\"fr_FR\" \/>\n<meta property=\"og:type\" content=\"article\" \/>\n<meta property=\"og:title\" content=\"Legal - Centre M\u00e9dical de Torcy\" \/>\n<meta property=\"og:description\" content=\"Qui sommes-nous&nbsp;? L\u2019adresse de notre site est&nbsp;: https:\/\/centre-medical-torcy.fr. Mentions l\u00e9gales\u00c9diteur : association medicale de Torcy Le pr\u00e9sent site est la propri\u00e9t\u00e9 de l&rsquo;association medicale de torcy , en la personne de Mr Benjamin Marciano.Le num\u00e9ro d\u2019identification siren 925 379 737 Directeur de la publication : Benjmin Marciano Cr\u00e9ation : Made By GideonResponsable du site :&hellip; Lire la suite\" \/>\n<meta property=\"og:url\" content=\"https:\/\/centre-medical-torcy.fr\/?page_id=3\" \/>\n<meta property=\"og:site_name\" content=\"Centre M\u00e9dical de Torcy\" \/>\n<meta property=\"article:modified_time\" content=\"2024-09-29T08:34:25+00:00\" \/>\n<meta name=\"twitter:card\" content=\"summary_large_image\" \/>\n<meta name=\"twitter:label1\" content=\"Dur\u00e9e de lecture estim\u00e9e\" \/>\n\t<meta name=\"twitter:data1\" content=\"1 minute\" \/>\n<script type=\"application\/ld+json\" class=\"yoast-schema-graph\">{\"@context\":\"https:\/\/schema.org\",\"@graph\":[{\"@type\":\"WebPage\",\"@id\":\"https:\/\/centre-medical-torcy.fr\/?page_id=3\",\"url\":\"https:\/\/centre-medical-torcy.fr\/?page_id=3\",\"name\":\"Legal - Centre M\u00e9dical de Torcy\",\"isPartOf\":{\"@id\":\"https:\/\/centre-medical-torcy.fr\/#website\"},\"datePublished\":\"2024-09-24T14:26:56+00:00\",\"dateModified\":\"2024-09-29T08:34:25+00:00\",\"breadcrumb\":{\"@id\":\"https:\/\/centre-medical-torcy.fr\/?page_id=3#breadcrumb\"},\"inLanguage\":\"fr-FR\",\"potentialAction\":[{\"@type\":\"ReadAction\",\"target\":[\"https:\/\/centre-medical-torcy.fr\/?page_id=3\"]}]},{\"@type\":\"BreadcrumbList\",\"@id\":\"https:\/\/centre-medical-torcy.fr\/?page_id=3#breadcrumb\",\"itemListElement\":[{\"@type\":\"ListItem\",\"position\":1,\"name\":\"Accueil\",\"item\":\"https:\/\/centre-medical-torcy.fr\/\"},{\"@type\":\"ListItem\",\"position\":2,\"name\":\"Legal\"}]},{\"@type\":\"WebSite\",\"@id\":\"https:\/\/centre-medical-torcy.fr\/#website\",\"url\":\"https:\/\/centre-medical-torcy.fr\/\",\"name\":\"Centre M\u00e9dical de Torcy\",\"description\":\"a votre service\",\"publisher\":{\"@id\":\"https:\/\/centre-medical-torcy.fr\/#organization\"},\"potentialAction\":[{\"@type\":\"SearchAction\",\"target\":{\"@type\":\"EntryPoint\",\"urlTemplate\":\"https:\/\/centre-medical-torcy.fr\/?s={search_term_string}\"},\"query-input\":{\"@type\":\"PropertyValueSpecification\",\"valueRequired\":true,\"valueName\":\"search_term_string\"}}],\"inLanguage\":\"fr-FR\"},{\"@type\":\"Organization\",\"@id\":\"https:\/\/centre-medical-torcy.fr\/#organization\",\"name\":\"Centre M\u00e9dical de Torcy\",\"url\":\"https:\/\/centre-medical-torcy.fr\/\",\"logo\":{\"@type\":\"ImageObject\",\"inLanguage\":\"fr-FR\",\"@id\":\"https:\/\/centre-medical-torcy.fr\/#\/schema\/logo\/image\/\",\"url\":\"https:\/\/centre-medical-torcy.fr\/wp-content\/uploads\/2024\/09\/cropped-cropped-Black-White-Minimalist-SImple-Monogram-Typography-Logo-1-1.png\",\"contentUrl\":\"https:\/\/centre-medical-torcy.fr\/wp-content\/uploads\/2024\/09\/cropped-cropped-Black-White-Minimalist-SImple-Monogram-Typography-Logo-1-1.png\",\"width\":328,\"height\":323,\"caption\":\"Centre M\u00e9dical de Torcy\"},\"image\":{\"@id\":\"https:\/\/centre-medical-torcy.fr\/#\/schema\/logo\/image\/\"}}]}<\/script>\n<!-- \/ Yoast SEO plugin. -->","yoast_head_json":{"title":"Legal - Centre M\u00e9dical de Torcy","robots":{"index":"index","follow":"follow","max-snippet":"max-snippet:-1","max-image-preview":"max-image-preview:large","max-video-preview":"max-video-preview:-1"},"canonical":"https:\/\/centre-medical-torcy.fr\/?page_id=3","og_locale":"fr_FR","og_type":"article","og_title":"Legal - Centre M\u00e9dical de Torcy","og_description":"Qui sommes-nous&nbsp;? L\u2019adresse de notre site est&nbsp;: https:\/\/centre-medical-torcy.fr. Mentions l\u00e9gales\u00c9diteur : association medicale de Torcy Le pr\u00e9sent site est la propri\u00e9t\u00e9 de l&rsquo;association medicale de torcy , en la personne de Mr Benjamin Marciano.Le num\u00e9ro d\u2019identification siren 925 379 737 Directeur de la publication : Benjmin Marciano Cr\u00e9ation : Made By GideonResponsable du site :&hellip; Lire la suite","og_url":"https:\/\/centre-medical-torcy.fr\/?page_id=3","og_site_name":"Centre M\u00e9dical de Torcy","article_modified_time":"2024-09-29T08:34:25+00:00","twitter_card":"summary_large_image","twitter_misc":{"Dur\u00e9e de lecture estim\u00e9e":"1 minute"},"schema":{"@context":"https:\/\/schema.org","@graph":[{"@type":"WebPage","@id":"https:\/\/centre-medical-torcy.fr\/?page_id=3","url":"https:\/\/centre-medical-torcy.fr\/?page_id=3","name":"Legal - Centre M\u00e9dical de Torcy","isPartOf":{"@id":"https:\/\/centre-medical-torcy.fr\/#website"},"datePublished":"2024-09-24T14:26:56+00:00","dateModified":"2024-09-29T08:34:25+00:00","breadcrumb":{"@id":"https:\/\/centre-medical-torcy.fr\/?page_id=3#breadcrumb"},"inLanguage":"fr-FR","potentialAction":[{"@type":"ReadAction","target":["https:\/\/centre-medical-torcy.fr\/?page_id=3"]}]},{"@type":"BreadcrumbList","@id":"https:\/\/centre-medical-torcy.fr\/?page_id=3#breadcrumb","itemListElement":[{"@type":"ListItem","position":1,"name":"Accueil","item":"https:\/\/centre-medical-torcy.fr\/"},{"@type":"ListItem","position":2,"name":"Legal"}]},{"@type":"WebSite","@id":"https:\/\/centre-medical-torcy.fr\/#website","url":"https:\/\/centre-medical-torcy.fr\/","name":"Centre M\u00e9dical de Torcy","description":"a votre service","publisher":{"@id":"https:\/\/centre-medical-torcy.fr\/#organization"},"potentialAction":[{"@type":"SearchAction","target":{"@type":"EntryPoint","urlTemplate":"https:\/\/centre-medical-torcy.fr\/?s={search_term_string}"},"query-input":{"@type":"PropertyValueSpecification","valueRequired":true,"valueName":"search_term_string"}}],"inLanguage":"fr-FR"},{"@type":"Organization","@id":"https:\/\/centre-medical-torcy.fr\/#organization","name":"Centre M\u00e9dical de Torcy","url":"https:\/\/centre-medical-torcy.fr\/","logo":{"@type":"ImageObject","inLanguage":"fr-FR","@id":"https:\/\/centre-medical-torcy.fr\/#\/schema\/logo\/image\/","url":"https:\/\/centre-medical-torcy.fr\/wp-content\/uploads\/2024\/09\/cropped-cropped-Black-White-Minimalist-SImple-Monogram-Typography-Logo-1-1.png","contentUrl":"https:\/\/centre-medical-torcy.fr\/wp-content\/uploads\/2024\/09\/cropped-cropped-Black-White-Minimalist-SImple-Monogram-Typography-Logo-1-1.png","width":328,"height":323,"caption":"Centre M\u00e9dical de Torcy"},"image":{"@id":"https:\/\/centre-medical-torcy.fr\/#\/schema\/logo\/image\/"}}]}},"_links":{"self":[{"href":"https:\/\/centre-medical-torcy.fr\/index.php?rest_route=\/wp\/v2\/pages\/3"}],"collection":[{"href":"https:\/\/centre-medical-torcy.fr\/index.php?rest_route=\/wp\/v2\/pages"}],"about":[{"href":"https:\/\/centre-medical-torcy.fr\/index.php?rest_route=\/wp\/v2\/types\/page"}],"author":[{"embeddable":true,"href":"https:\/\/centre-medical-torcy.fr\/index.php?rest_route=\/wp\/v2\/users\/1"}],"replies":[{"embeddable":true,"href":"https:\/\/centre-medical-torcy.fr\/index.php?rest_route=%2Fwp%2Fv2%2Fcomments&post=3"}],"version-history":[{"count":13,"href":"https:\/\/centre-medical-torcy.fr\/index.php?rest_route=\/wp\/v2\/pages\/3\/revisions"}],"predecessor-version":[{"id":160,"href":"https:\/\/centre-medical-torcy.fr\/index.php?rest_route=\/wp\/v2\/pages\/3\/revisions\/160"}],"wp:attachment":[{"href":"https:\/\/centre-medical-torcy.fr\/index.php?rest_route=%2Fwp%2Fv2%2Fmedia&parent=3"}],"curies":[{"name":"wp","href":"https:\/\/api.w.org\/{rel}","templated":true}]}}